{"id":410,"date":"2024-02-08T16:18:11","date_gmt":"2024-02-08T14:18:11","guid":{"rendered":"https:\/\/www.pohjanmaanase.fi\/index.php\/tuote\/metsastyskivaari-tikka-m65-30-06\/"},"modified":"2024-02-10T15:23:21","modified_gmt":"2024-02-10T13:23:21","slug":"metsastyskivaari-tikka-m65-30-06","status":"publish","type":"product","link":"https:\/\/www.pohjanmaanase.fi\/index.php\/tuote\/metsastyskivaari-tikka-m65-30-06\/","title":{"rendered":"Mets\u00e4styskiv\u00e4\u00e4ri Tikka M65 .30-06"},"content":{"rendered":"<p>Hyv\u00e4kuntoinen Tikka M65. cal. 30-06, sporter tukilla<\/p>\n<p>Nr.0053<\/p>\n<p>Kaikki myym\u00e4mme aseet ovat luvanvaraisia. Ostaaksesi ampuma-aseen tai luvanvaraisen tuotteen tarvitset poliisin my\u00f6nt\u00e4m\u00e4n hankkimisluvan. Henkil\u00f6llisyys varmennetaan.<br \/>\nhttps:\/\/www.finlex.fi\/fi\/laki\/alkup\/2019\/20190724#Pidm45949344591728<\/p>\n<p>Aseista voidaan toimittaa lis\u00e4tietoja pyydett\u00e4ess\u00e4. N\u00e4ytt\u00f6 erikseen sovittaessa hankkimislupaa vastaan.<\/p>\n<p>Ase voidaan l\u00e4hett\u00e4\u00e4 my\u00f6s matkahuollon kotiinkuljetuksella. Tilauksen j\u00e4lkeen l\u00e4het\u00e4 meille alkuper\u00e4iset aseen hankkimisluvat 4kpl allekirjoitettuna<br \/>\nsek\u00e4 pyyd\u00e4 erillinen linkki s\u00e4hk\u00f6ist\u00e4 tunnistautumista varten &#8220;sales@tsr-sporting.fi&#8221; Muista mainita s\u00e4hk\u00f6postissa verkkokaupan tilausvahvistus sek\u00e4 puhelinnumerosi my\u00f6s,<br \/>\n(Telian s\u00e4hk\u00f6inen tunnistautuminen vaatii t\u00e4m\u00e4n).<\/p>\n<p>L\u00e4het\u00e4\u00a0alkuper\u00e4iset hankkimisluvat\u00a0osoitteeseen:<br \/>\nOy TSR Sporting Ltd, PL28, 65101 Vaasa<\/p>\n","protected":false},"excerpt":{"rendered":"<p>Hyv\u00e4kuntoinen Tikka M65. cal. 30-06<\/p>\n","protected":false},"featured_media":511,"comment_status":"open","ping_status":"closed","template":"","meta":{"_regular_price":["495.00"],"currency_symbol":[]},"product_cat":[19],"product_tag":[64,63],"post_slider_layout_featured_media_urls":{"thumbnail":["https:\/\/www.pohjanmaanase.fi\/wp-content\/uploads\/2024\/02\/TSR0053_2-150x150.jpg",150,150,true],"post_slider_layout_landscape_large":["https:\/\/www.pohjanmaanase.fi\/wp-content\/uploads\/2024\/02\/TSR0053_2-1200x800.jpg",1200,800,true],"post_slider_layout_portrait_large":["https:\/\/www.pohjanmaanase.fi\/wp-content\/uploads\/2024\/02\/TSR0053_2-1200x899.jpg",1200,899,true],"post_slider_layout_square_large":["https:\/\/www.pohjanmaanase.fi\/wp-content\/uploads\/2024\/02\/TSR0053_2-1200x899.jpg",1200,899,true],"post_slider_layout_landscape":["https:\/\/www.pohjanmaanase.fi\/wp-content\/uploads\/2024\/02\/TSR0053_2-600x400.jpg",600,400,true],"post_slider_layout_portrait":["https:\/\/www.pohjanmaanase.fi\/wp-content\/uploads\/2024\/02\/TSR0053_2-600x899.jpg",600,899,true],"post_slider_layout_square":["https:\/\/www.pohjanmaanase.fi\/wp-content\/uploads\/2024\/02\/TSR0053_2-600x600.jpg",600,600,true],"full":["https:\/\/www.pohjanmaanase.fi\/wp-content\/uploads\/2024\/02\/TSR0053_2.jpg",1599,899,false]},"jetpack_sharing_enabled":true,"_links":{"self":[{"href":"https:\/\/www.pohjanmaanase.fi\/index.php\/wp-json\/wp\/v2\/product\/410"}],"collection":[{"href":"https:\/\/www.pohjanmaanase.fi\/index.php\/wp-json\/wp\/v2\/product"}],"about":[{"href":"https:\/\/www.pohjanmaanase.fi\/index.php\/wp-json\/wp\/v2\/types\/product"}],"replies":[{"embeddable":true,"href":"https:\/\/www.pohjanmaanase.fi\/index.php\/wp-json\/wp\/v2\/comments?post=410"}],"wp:featuredmedia":[{"embeddable":true,"href":"https:\/\/www.pohjanmaanase.fi\/index.php\/wp-json\/wp\/v2\/media\/511"}],"wp:attachment":[{"href":"https:\/\/www.pohjanmaanase.fi\/index.php\/wp-json\/wp\/v2\/media?parent=410"}],"wp:term":[{"taxonomy":"product_cat","embeddable":true,"href":"https:\/\/www.pohjanmaanase.fi\/index.php\/wp-json\/wp\/v2\/product_cat?post=410"},{"taxonomy":"product_tag","embeddable":true,"href":"https:\/\/www.pohjanmaanase.fi\/index.php\/wp-json\/wp\/v2\/product_tag?post=410"}],"curies":[{"name":"wp","href":"https:\/\/api.w.org\/{rel}","templated":true}]}}