{"id":230,"date":"2024-02-08T16:17:14","date_gmt":"2024-02-08T14:17:14","guid":{"rendered":"https:\/\/www.pohjanmaanase.fi\/index.php\/tuote\/pienoiskivaari-toz-22lr\/"},"modified":"2024-02-08T16:17:14","modified_gmt":"2024-02-08T14:17:14","slug":"pienoiskivaari-toz-22lr","status":"publish","type":"product","link":"https:\/\/www.pohjanmaanase.fi\/index.php\/tuote\/pienoiskivaari-toz-22lr\/","title":{"rendered":"Pienoiskiv\u00e4\u00e4ri TOZ .22LR"},"content":{"rendered":"<p>\u00a0<\/p>\n<p>Pienoiskiv\u00e4\u00e4ri TOZ, ilman t\u00e4ht\u00e4imi\u00e4, Ratatukilla. cal. .22LR<\/p>\n<p>&#8220;j\u00e4\u00e4t\u00e4v\u00e4n&#8221; hieno laukaisu. TT1<\/p>\n<p>Made in USSR<\/p>\n<p>TSRE807<\/p>\n<p><span>Kaikki myym\u00e4mme aseet ovat luvanvaraisia. Ostaaksesi ampuma-aseen tai luvanvaraisen tuotteen\u00a0<\/span><span>tarvitset poliisin my\u00f6nt\u00e4m\u00e4n hankkimisluvan. Henkil\u00f6llisyys varmennetaan.<\/span><br \/><span>https:\/\/www.finlex.fi\/fi\/laki\/alkup\/2019\/20190724#Pidm45949344591728<\/span><\/p>\n<p><span>Aseista voidaan toimittaa lis\u00e4tietoja pyydett\u00e4ess\u00e4. N\u00e4ytt\u00f6 erikseen sovittaessa hankkimislupaa vastaan.<\/span><\/p>\n<p><span>Ase voidaan l\u00e4hett\u00e4\u00e4 my\u00f6s matkahuollon kotiinkuljetuksella. Tilauksen j\u00e4lkeen l\u00e4het\u00e4 meille alkuper\u00e4iset aseen hankkimisluvat 4kpl allekirjoitettuna<br \/>sek\u00e4 pyyd\u00e4 erillinen linkki s\u00e4hk\u00f6ist\u00e4 tunnistautumista varten &#8220;sales@tsr-sporting.fi&#8221; Muista mainita s\u00e4hk\u00f6postissa verkkokaupan tilausvahvistus sek\u00e4 puhelinnumerosi my\u00f6s,<br \/>(Telian s\u00e4hk\u00f6inen tunnistautuminen vaatii t\u00e4m\u00e4n).<\/p>\n<p>L\u00e4het\u00e4\u00a0alkuper\u00e4iset hankkimisluvat\u00a0osoitteeseen:<br \/>Oy TSR Sporting Ltd, PL28, 65101 Vaasa<\/span><\/p>\n","protected":false},"excerpt":{"rendered":"<p>\u00a0 Pienoiskiv\u00e4\u00e4ri TOZ, ilman t\u00e4ht\u00e4imi\u00e4, Ratatukilla. cal. .22LR &#8220;j\u00e4\u00e4t\u00e4v\u00e4n&#8221; hieno laukaisu. TT1 Made in USSR TSRE807 Kaikki myym\u00e4mme aseet ovat luvanvaraisia. Ostaaksesi ampuma-aseen tai luvanvaraisen tuotteen\u00a0tarvitset poliisin my\u00f6nt\u00e4m\u00e4n hankkimisluvan. Henkil\u00f6llisyys varmennetaan.https:\/\/www.finlex.fi\/fi\/laki\/alkup\/2019\/20190724#Pidm45949344591728 Aseista voidaan toimittaa lis\u00e4tietoja pyydett\u00e4ess\u00e4. N\u00e4ytt\u00f6 erikseen sovittaessa hankkimislupaa vastaan. Ase voidaan l\u00e4hett\u00e4\u00e4 my\u00f6s matkahuollon kotiinkuljetuksella. Tilauksen j\u00e4lkeen l\u00e4het\u00e4 meille alkuper\u00e4iset aseen hankkimisluvat 4kpl [&hellip;]<\/p>\n","protected":false},"featured_media":0,"comment_status":"open","ping_status":"closed","template":"","meta":{"_regular_price":[],"currency_symbol":[]},"product_cat":[15],"product_tag":[],"post_slider_layout_featured_media_urls":{"thumbnail":"","post_slider_layout_landscape_large":"","post_slider_layout_portrait_large":"","post_slider_layout_square_large":"","post_slider_layout_landscape":"","post_slider_layout_portrait":"","post_slider_layout_square":"","full":""},"jetpack_sharing_enabled":true,"_links":{"self":[{"href":"https:\/\/www.pohjanmaanase.fi\/index.php\/wp-json\/wp\/v2\/product\/230"}],"collection":[{"href":"https:\/\/www.pohjanmaanase.fi\/index.php\/wp-json\/wp\/v2\/product"}],"about":[{"href":"https:\/\/www.pohjanmaanase.fi\/index.php\/wp-json\/wp\/v2\/types\/product"}],"replies":[{"embeddable":true,"href":"https:\/\/www.pohjanmaanase.fi\/index.php\/wp-json\/wp\/v2\/comments?post=230"}],"wp:attachment":[{"href":"https:\/\/www.pohjanmaanase.fi\/index.php\/wp-json\/wp\/v2\/media?parent=230"}],"wp:term":[{"taxonomy":"product_cat","embeddable":true,"href":"https:\/\/www.pohjanmaanase.fi\/index.php\/wp-json\/wp\/v2\/product_cat?post=230"},{"taxonomy":"product_tag","embeddable":true,"href":"https:\/\/www.pohjanmaanase.fi\/index.php\/wp-json\/wp\/v2\/product_tag?post=230"}],"curies":[{"name":"wp","href":"https:\/\/api.w.org\/{rel}","templated":true}]}}